{"id":2019,"date":"2025-08-06T15:44:36","date_gmt":"2025-08-06T20:44:36","guid":{"rendered":"https:\/\/website-hcj-dev-h9bjg2a0bwh0fgg4.eastus2-01.azurewebsites.net\/infrastructure\/"},"modified":"2025-11-27T12:19:27","modified_gmt":"2025-11-27T17:19:27","slug":"infrastructure","status":"publish","type":"page","link":"https:\/\/www.hogarcorazondejesus.org.ec\/en\/infrastructure\/","title":{"rendered":"Infrastructure"},"content":{"rendered":"\t\t<div data-elementor-type=\"wp-page\" data-elementor-id=\"2019\" class=\"elementor elementor-2019 elementor-1367\" data-elementor-post-type=\"page\">\n\t\t\t\t<div class=\"elementor-element elementor-element-603f5ed3 e-flex e-con-boxed e-con e-parent\" data-id=\"603f5ed3\" data-element_type=\"container\">\n\t\t\t\t\t<div class=\"e-con-inner\">\n\t\t\t\t<div class=\"elementor-element elementor-element-dd88251 elementor-widget elementor-widget-heading\" data-id=\"dd88251\" data-element_type=\"widget\" data-widget_type=\"heading.default\">\n\t\t\t\t\t<h2 class=\"elementor-heading-title elementor-size-default\">Infrastructure<\/h2>\t\t\t\t<\/div>\n\t\t<div class=\"elementor-element elementor-element-8a35013 e-con-full e-flex e-con e-child\" data-id=\"8a35013\" data-element_type=\"container\">\n\t\t\t\t<div class=\"elementor-element elementor-element-6f3ebb9 elementor-widget elementor-widget-image\" data-id=\"6f3ebb9\" data-element_type=\"widget\" data-widget_type=\"image.default\">\n\t\t\t\t\t\t\t\t\t\t\t\t<figure class=\"wp-caption\">\n\t\t\t\t\t\t\t\t\t\t<img fetchpriority=\"high\" decoding=\"async\" width=\"800\" height=\"284\" src=\"\/wp-content\/uploads\/2025\/08\/infraestructura-2014.jpg\" class=\"attachment-large size-large wp-image-1917\" alt=\"\" srcset=\"\/wp-content\/uploads\/2025\/08\/infraestructura-2014.jpg 800w, \/wp-content\/uploads\/2025\/08\/infraestructura-2014-300x107.jpg 300w, \/wp-content\/uploads\/2025\/08\/infraestructura-2014-768x273.jpg 768w\" sizes=\"(max-width: 800px) 100vw, 800px\" \/>\t\t\t\t\t\t\t\t\t\t\t<figcaption class=\"widget-image-caption wp-caption-text\">View of the gardens at Hogar del Coraz\u00f3n de Jes\u00fas<\/figcaption>\n\t\t\t\t\t\t\t\t\t\t<\/figure>\n\t\t\t\t\t\t\t\t\t<\/div>\n\t\t\t\t<\/div>\n\t\t\t\t<div class=\"elementor-element elementor-element-4861987c elementor-widget elementor-widget-text-editor\" data-id=\"4861987c\" data-element_type=\"widget\" data-widget_type=\"text-editor.default\">\n\t\t\t\t\t\t\t\t\t\n<p>Hogar del Coraz\u00f3n de Jes\u00fas is located in a large construction area, where we can comfortably accommodate our guests and provide them with all the environments and spaces necessary for their integral well-being.<\/p>\n\n<p>We have large gardens for recreational activities, a chapel to encourage the spirituality of the residents, medical offices, rehabilitation rooms, and much more.<\/p>\n\n<p>These are the areas that our home has:<\/p>\n\n<ul class=\"wp-block-list\">\n<li>Large Green Areas<\/li>\n\n<li>Chapel<\/li>\n\n<li>Physical Therapy Gym<\/li>\n\n<li>Cyber for residents<\/li>\n\n<li>Mini-library for residents<\/li>\n\n<li>Kitchen and dining rooms<\/li>\n\n<li>Medical offices<\/li>\n\n<li>Observation room: special care attention<\/li>\n\n<li>Pharmacy<\/li>\n<\/ul>\n\t\t\t\t\t\t\t\t<\/div>\n\t\t\t\t\t<\/div>\n\t\t\t\t<\/div>\n\t\t\t\t<\/div>\n\t\t","protected":false},"excerpt":{"rendered":"<p>Infrastructure View of the gardens at Hogar del Coraz\u00f3n de Jes\u00fas Hogar del Coraz\u00f3n de Jes\u00fas is located in a large construction area, where we can comfortably accommodate our guests and provide them with all the environments and spaces necessary for their integral well-being. We have large gardens for recreational activities, a chapel to encourage [&hellip;]<\/p>\n","protected":false},"author":1,"featured_media":0,"parent":0,"menu_order":0,"comment_status":"closed","ping_status":"closed","template":"","meta":{"footnotes":""},"class_list":["post-2019","page","type-page","status-publish","hentry"],"_links":{"self":[{"href":"https:\/\/www.hogarcorazondejesus.org.ec\/en\/wp-json\/wp\/v2\/pages\/2019","targetHints":{"allow":["GET"]}}],"collection":[{"href":"https:\/\/www.hogarcorazondejesus.org.ec\/en\/wp-json\/wp\/v2\/pages"}],"about":[{"href":"https:\/\/www.hogarcorazondejesus.org.ec\/en\/wp-json\/wp\/v2\/types\/page"}],"author":[{"embeddable":true,"href":"https:\/\/www.hogarcorazondejesus.org.ec\/en\/wp-json\/wp\/v2\/users\/1"}],"replies":[{"embeddable":true,"href":"https:\/\/www.hogarcorazondejesus.org.ec\/en\/wp-json\/wp\/v2\/comments?post=2019"}],"version-history":[{"count":11,"href":"https:\/\/www.hogarcorazondejesus.org.ec\/en\/wp-json\/wp\/v2\/pages\/2019\/revisions"}],"predecessor-version":[{"id":2152,"href":"https:\/\/www.hogarcorazondejesus.org.ec\/en\/wp-json\/wp\/v2\/pages\/2019\/revisions\/2152"}],"wp:attachment":[{"href":"https:\/\/www.hogarcorazondejesus.org.ec\/en\/wp-json\/wp\/v2\/media?parent=2019"}],"curies":[{"name":"wp","href":"https:\/\/api.w.org\/{rel}","templated":true}]}}