{"id":1966,"date":"2025-08-06T15:41:31","date_gmt":"2025-08-06T20:41:31","guid":{"rendered":"https:\/\/website-hcj-dev-h9bjg2a0bwh0fgg4.eastus2-01.azurewebsites.net\/history\/"},"modified":"2025-11-27T12:19:26","modified_gmt":"2025-11-27T17:19:26","slug":"history","status":"publish","type":"page","link":"https:\/\/www.hogarcorazondejesus.org.ec\/en\/history\/","title":{"rendered":"History"},"content":{"rendered":"\t\t<div data-elementor-type=\"wp-page\" data-elementor-id=\"1966\" class=\"elementor elementor-1966 elementor-1357\" data-elementor-post-type=\"page\">\n\t\t\t\t<div class=\"elementor-element elementor-element-7e5d4156 e-flex e-con-boxed e-con e-parent\" data-id=\"7e5d4156\" data-element_type=\"container\">\n\t\t\t\t\t<div class=\"e-con-inner\">\n\t\t\t\t<div class=\"elementor-element elementor-element-da004be elementor-widget elementor-widget-heading\" data-id=\"da004be\" data-element_type=\"widget\" data-widget_type=\"heading.default\">\n\t\t\t\t\t<h2 class=\"elementor-heading-title elementor-size-default\">History<\/h2>\t\t\t\t<\/div>\n\t\t<div class=\"elementor-element elementor-element-359aa31 e-con-full e-flex e-con e-child\" data-id=\"359aa31\" data-element_type=\"container\">\n\t\t\t\t<div class=\"elementor-element elementor-element-466322a elementor-widget elementor-widget-image\" data-id=\"466322a\" data-element_type=\"widget\" data-widget_type=\"image.default\">\n\t\t\t\t\t\t\t\t\t\t\t\t<figure class=\"wp-caption\">\n\t\t\t\t\t\t\t\t\t\t<img fetchpriority=\"high\" decoding=\"async\" width=\"670\" height=\"260\" src=\"\/wp-content\/uploads\/2025\/08\/historia_hospicio.jpg\" class=\"attachment-full size-full wp-image-1909\" alt=\"\" srcset=\"\/wp-content\/uploads\/2025\/08\/historia_hospicio.jpg 670w, \/wp-content\/uploads\/2025\/08\/historia_hospicio-300x116.jpg 300w\" sizes=\"(max-width: 670px) 100vw, 670px\" \/>\t\t\t\t\t\t\t\t\t\t\t<figcaption class=\"widget-image-caption wp-caption-text\">First building of the Hospicio del Sagrado Coraz\u00f3n de Jes\u00fas, opened in 1892<\/figcaption>\n\t\t\t\t\t\t\t\t\t\t<\/figure>\n\t\t\t\t\t\t\t\t\t<\/div>\n\t\t\t\t<\/div>\n\t\t\t\t<div class=\"elementor-element elementor-element-402c6ee7 elementor-widget elementor-widget-text-editor\" data-id=\"402c6ee7\" data-element_type=\"widget\" data-widget_type=\"text-editor.default\">\n\t\t\t\t\t\t\t\t\t\n<p>We were founded as Hospicio del Coraz\u00f3n de Jes\u00fas on June 25, 1892, thanks to the financial contribution of Don Manuel Galecio and the land donated by Don Francisco Aguirre Jado. Since then, we have been managed by the Guayaquil Charity Board. <\/p>\n\n<p>The Hospicio was renamed Hogar del Coraz\u00f3n de Jes\u00fas in 2012. Since that date, the Hogar began to shift, adopting the best Gerontological practices to become a benchmark for care and attention for the elderly in the region. <\/p>\n\n<p>The Hogar currently has a capacity to care for 307 senior citizens.<\/p>\n\t\t\t\t\t\t\t\t<\/div>\n\t\t\t\t\t<\/div>\n\t\t\t\t<\/div>\n\t\t<div class=\"elementor-element elementor-element-c6a72fa e-flex e-con-boxed e-con e-parent\" data-id=\"c6a72fa\" data-element_type=\"container\">\n\t\t\t\t\t<div class=\"e-con-inner\">\n\t\t\t\t<div class=\"elementor-element elementor-element-32a3ca6 elementor-widget elementor-widget-gallery\" data-id=\"32a3ca6\" data-element_type=\"widget\" data-settings=\"{&quot;columns&quot;:3,&quot;gap&quot;:{&quot;unit&quot;:&quot;px&quot;,&quot;size&quot;:30,&quot;sizes&quot;:[]},&quot;overlay_title&quot;:&quot;title&quot;,&quot;overlay_description&quot;:&quot;caption&quot;,&quot;lazyload&quot;:&quot;yes&quot;,&quot;gallery_layout&quot;:&quot;grid&quot;,&quot;columns_tablet&quot;:2,&quot;columns_mobile&quot;:1,&quot;gap_tablet&quot;:{&quot;unit&quot;:&quot;px&quot;,&quot;size&quot;:10,&quot;sizes&quot;:[]},&quot;gap_mobile&quot;:{&quot;unit&quot;:&quot;px&quot;,&quot;size&quot;:10,&quot;sizes&quot;:[]},&quot;link_to&quot;:&quot;file&quot;,&quot;aspect_ratio&quot;:&quot;3:2&quot;,&quot;overlay_background&quot;:&quot;yes&quot;,&quot;content_hover_animation&quot;:&quot;fade-in&quot;}\" data-widget_type=\"gallery.default\">\n\t\t\t\t\t\t\t<div class=\"elementor-gallery__container\">\n\t\t\t\t\t\t\t<a class=\"e-gallery-item elementor-gallery-item elementor-animated-content\" href=\"\/wp-content\/uploads\/2025\/10\/hospicio_1913-1.jpg\" data-elementor-open-lightbox=\"yes\" data-elementor-lightbox-slideshow=\"32a3ca6\" data-elementor-lightbox-title=\"Hospicio del Coraz\u00f3n de Jes\u00fas (1913)\" data-e-action-hash=\"#elementor-action%3Aaction%3Dlightbox%26settings%3DeyJpZCI6MTU5MiwidXJsIjoiXC93cC1jb250ZW50XC91cGxvYWRzXC8yMDI1XC8xMFwvaG9zcGljaW9fMTkxMy0xLmpwZyIsInNsaWRlc2hvdyI6IjMyYTNjYTYifQ%3D%3D\">\n\t\t\t\t\t<div class=\"e-gallery-image elementor-gallery-item__image\" data-thumbnail=\"\/wp-content\/uploads\/2025\/10\/hospicio_1913-1-300x200.jpg\" data-width=\"300\" data-height=\"200\" aria-label=\"\" role=\"img\" ><\/div>\n\t\t\t\t\t\t\t\t\t\t\t<div class=\"elementor-gallery-item__overlay\"><\/div>\n\t\t\t\t\t\t\t\t\t\t\t\t\t\t\t<div class=\"elementor-gallery-item__content\">\n\t\t\t\t\t\t\t\t\t\t\t\t\t\t<div class=\"elementor-gallery-item__title\">\n\t\t\t\t\t\t\t\t\t\t\t\t\t\t\t\t\t\tHospicio del Coraz\u00f3n de Jes\u00fas (1913)\t\t\t\t\t\t\t\t<\/div>\n\t\t\t\t\t\t\t\t\t\t\t\t\t\t\t<div class=\"elementor-gallery-item__description\">\n\t\t\t\t\t\t\t\t\t\t\t\t\t\t\t\t\t\tFachada del Hospicio del Sagrado Coraz\u00f3n de Jes\u00fas.\t\t\t\t\t\t\t\t<\/div>\n\t\t\t\t\t\t\t\t\t\t\t\t<\/div>\n\t\t\t\t\t\t\t\t\t<\/a>\n\t\t\t\t\t\t\t<a class=\"e-gallery-item elementor-gallery-item elementor-animated-content\" href=\"\/wp-content\/uploads\/2025\/10\/hospicio_1925-1.jpg\" data-elementor-open-lightbox=\"yes\" data-elementor-lightbox-slideshow=\"32a3ca6\" data-elementor-lightbox-title=\"Hospicio del Coraz\u00f3n de Jes\u00fas (1925)\" data-e-action-hash=\"#elementor-action%3Aaction%3Dlightbox%26settings%3DeyJpZCI6MTU5MywidXJsIjoiXC93cC1jb250ZW50XC91cGxvYWRzXC8yMDI1XC8xMFwvaG9zcGljaW9fMTkyNS0xLmpwZyIsInNsaWRlc2hvdyI6IjMyYTNjYTYifQ%3D%3D\">\n\t\t\t\t\t<div class=\"e-gallery-image elementor-gallery-item__image\" data-thumbnail=\"\/wp-content\/uploads\/2025\/10\/hospicio_1925-1-300x204.jpg\" data-width=\"300\" data-height=\"204\" aria-label=\"\" role=\"img\" ><\/div>\n\t\t\t\t\t\t\t\t\t\t\t<div class=\"elementor-gallery-item__overlay\"><\/div>\n\t\t\t\t\t\t\t\t\t\t\t\t\t\t\t<div class=\"elementor-gallery-item__content\">\n\t\t\t\t\t\t\t\t\t\t\t\t\t\t<div class=\"elementor-gallery-item__title\">\n\t\t\t\t\t\t\t\t\t\t\t\t\t\t\t\t\t\tHospicio del Coraz\u00f3n de Jes\u00fas (1925)\t\t\t\t\t\t\t\t<\/div>\n\t\t\t\t\t\t\t\t\t\t\t\t\t\t\t<div class=\"elementor-gallery-item__description\">\n\t\t\t\t\t\t\t\t\t\t\t\t\t\t\t\t\t\tIlustraci\u00f3n en plumilla del hospicio.\t\t\t\t\t\t\t\t<\/div>\n\t\t\t\t\t\t\t\t\t\t\t\t<\/div>\n\t\t\t\t\t\t\t\t\t<\/a>\n\t\t\t\t\t\t\t<a class=\"e-gallery-item elementor-gallery-item elementor-animated-content\" href=\"\/wp-content\/uploads\/2025\/10\/hospicio_1934-1.jpg\" data-elementor-open-lightbox=\"yes\" data-elementor-lightbox-slideshow=\"32a3ca6\" data-elementor-lightbox-title=\"Hospicio del Coraz\u00f3n de Jes\u00fas (1934)\" data-e-action-hash=\"#elementor-action%3Aaction%3Dlightbox%26settings%3DeyJpZCI6MTU5NCwidXJsIjoiXC93cC1jb250ZW50XC91cGxvYWRzXC8yMDI1XC8xMFwvaG9zcGljaW9fMTkzNC0xLmpwZyIsInNsaWRlc2hvdyI6IjMyYTNjYTYifQ%3D%3D\">\n\t\t\t\t\t<div class=\"e-gallery-image elementor-gallery-item__image\" data-thumbnail=\"\/wp-content\/uploads\/2025\/10\/hospicio_1934-1-300x158.jpg\" data-width=\"300\" data-height=\"158\" aria-label=\"\" role=\"img\" ><\/div>\n\t\t\t\t\t\t\t\t\t\t\t<div class=\"elementor-gallery-item__overlay\"><\/div>\n\t\t\t\t\t\t\t\t\t\t\t\t\t\t\t<div class=\"elementor-gallery-item__content\">\n\t\t\t\t\t\t\t\t\t\t\t\t\t\t<div class=\"elementor-gallery-item__title\">\n\t\t\t\t\t\t\t\t\t\t\t\t\t\t\t\t\t\tHospicio del Coraz\u00f3n de Jes\u00fas (1934)\t\t\t\t\t\t\t\t<\/div>\n\t\t\t\t\t\t\t\t\t\t\t\t\t\t\t<div class=\"elementor-gallery-item__description\">\n\t\t\t\t\t\t\t\t\t\t\t\t\t\t\t\t\t\tFachada del Hospicio del Sagrado Coraz\u00f3n de Jes\u00fas.\t\t\t\t\t\t\t\t<\/div>\n\t\t\t\t\t\t\t\t\t\t\t\t<\/div>\n\t\t\t\t\t\t\t\t\t<\/a>\n\t\t\t\t\t\t\t<a class=\"e-gallery-item elementor-gallery-item elementor-animated-content\" href=\"\/wp-content\/uploads\/2025\/10\/hospicio_1988-1.jpg\" data-elementor-open-lightbox=\"yes\" data-elementor-lightbox-slideshow=\"32a3ca6\" data-elementor-lightbox-title=\"Hospicio del Coraz\u00f3n de Jes\u00fas (1988)\" data-e-action-hash=\"#elementor-action%3Aaction%3Dlightbox%26settings%3DeyJpZCI6MTU5NSwidXJsIjoiXC93cC1jb250ZW50XC91cGxvYWRzXC8yMDI1XC8xMFwvaG9zcGljaW9fMTk4OC0xLmpwZyIsInNsaWRlc2hvdyI6IjMyYTNjYTYifQ%3D%3D\">\n\t\t\t\t\t<div class=\"e-gallery-image elementor-gallery-item__image\" data-thumbnail=\"\/wp-content\/uploads\/2025\/10\/hospicio_1988-1-269x300.jpg\" data-width=\"269\" data-height=\"300\" aria-label=\"\" role=\"img\" ><\/div>\n\t\t\t\t\t\t\t\t\t\t\t<div class=\"elementor-gallery-item__overlay\"><\/div>\n\t\t\t\t\t\t\t\t\t\t\t\t\t\t\t<div class=\"elementor-gallery-item__content\">\n\t\t\t\t\t\t\t\t\t\t\t\t\t\t<div class=\"elementor-gallery-item__title\">\n\t\t\t\t\t\t\t\t\t\t\t\t\t\t\t\t\t\tHospicio del Coraz\u00f3n de Jes\u00fas (1988)\t\t\t\t\t\t\t\t<\/div>\n\t\t\t\t\t\t\t\t\t\t\t\t\t\t\t<div class=\"elementor-gallery-item__description\">\n\t\t\t\t\t\t\t\t\t\t\t\t\t\t\t\t\t\tInstalaciones del hospicio reconstruidas con motivo del centenario de la Junta de Beneficencia de Guayaquil.\t\t\t\t\t\t\t\t<\/div>\n\t\t\t\t\t\t\t\t\t\t\t\t<\/div>\n\t\t\t\t\t\t\t\t\t<\/a>\n\t\t\t\t\t\t\t<a class=\"e-gallery-item elementor-gallery-item elementor-animated-content\" href=\"\/wp-content\/uploads\/2025\/10\/hospicio_1988_1-1.jpg\" data-elementor-open-lightbox=\"yes\" data-elementor-lightbox-slideshow=\"32a3ca6\" data-elementor-lightbox-title=\"Hospicio del Coraz\u00f3n de Jes\u00fas (1988)\" data-e-action-hash=\"#elementor-action%3Aaction%3Dlightbox%26settings%3DeyJpZCI6MTU5NiwidXJsIjoiXC93cC1jb250ZW50XC91cGxvYWRzXC8yMDI1XC8xMFwvaG9zcGljaW9fMTk4OF8xLTEuanBnIiwic2xpZGVzaG93IjoiMzJhM2NhNiJ9\">\n\t\t\t\t\t<div class=\"e-gallery-image elementor-gallery-item__image\" data-thumbnail=\"\/wp-content\/uploads\/2025\/10\/hospicio_1988_1-1-300x230.jpg\" data-width=\"300\" data-height=\"230\" aria-label=\"\" role=\"img\" ><\/div>\n\t\t\t\t\t\t\t\t\t\t\t<div class=\"elementor-gallery-item__overlay\"><\/div>\n\t\t\t\t\t\t\t\t\t\t\t\t\t\t\t<div class=\"elementor-gallery-item__content\">\n\t\t\t\t\t\t\t\t\t\t\t\t\t\t<div class=\"elementor-gallery-item__title\">\n\t\t\t\t\t\t\t\t\t\t\t\t\t\t\t\t\t\tHospicio del Coraz\u00f3n de Jes\u00fas (1988)\t\t\t\t\t\t\t\t<\/div>\n\t\t\t\t\t\t\t\t\t\t\t\t\t\t\t<div class=\"elementor-gallery-item__description\">\n\t\t\t\t\t\t\t\t\t\t\t\t\t\t\t\t\t\tInstalaciones del hospicio reconstruidas con motivo del centenario de la Junta de Beneficencia de Guayaquil.\t\t\t\t\t\t\t\t<\/div>\n\t\t\t\t\t\t\t\t\t\t\t\t<\/div>\n\t\t\t\t\t\t\t\t\t<\/a>\n\t\t\t\t\t\t\t<a class=\"e-gallery-item elementor-gallery-item elementor-animated-content\" href=\"\/wp-content\/uploads\/2025\/10\/hospicio_actual2-1.jpg\" data-elementor-open-lightbox=\"yes\" data-elementor-lightbox-slideshow=\"32a3ca6\" data-elementor-lightbox-title=\"Hospicio del Coraz\u00f3n de Jes\u00fas (2014)\" data-e-action-hash=\"#elementor-action%3Aaction%3Dlightbox%26settings%3DeyJpZCI6MTU5NywidXJsIjoiXC93cC1jb250ZW50XC91cGxvYWRzXC8yMDI1XC8xMFwvaG9zcGljaW9fYWN0dWFsMi0xLmpwZyIsInNsaWRlc2hvdyI6IjMyYTNjYTYifQ%3D%3D\">\n\t\t\t\t\t<div class=\"e-gallery-image elementor-gallery-item__image\" data-thumbnail=\"\/wp-content\/uploads\/2025\/10\/hospicio_actual2-1-300x188.jpg\" data-width=\"300\" data-height=\"188\" aria-label=\"\" role=\"img\" ><\/div>\n\t\t\t\t\t\t\t\t\t\t\t<div class=\"elementor-gallery-item__overlay\"><\/div>\n\t\t\t\t\t\t\t\t\t\t\t\t\t\t\t<div class=\"elementor-gallery-item__content\">\n\t\t\t\t\t\t\t\t\t\t\t\t\t\t<div class=\"elementor-gallery-item__title\">\n\t\t\t\t\t\t\t\t\t\t\t\t\t\t\t\t\t\tHospicio del Coraz\u00f3n de Jes\u00fas (2014)\t\t\t\t\t\t\t\t<\/div>\n\t\t\t\t\t\t\t\t\t\t\t\t\t\t\t<div class=\"elementor-gallery-item__description\">\n\t\t\t\t\t\t\t\t\t\t\t\t\t\t\t\t\t\tVista actual de los jardines del Hogar del Coraz\u00f3n de Jes\u00fas.\t\t\t\t\t\t\t\t<\/div>\n\t\t\t\t\t\t\t\t\t\t\t\t<\/div>\n\t\t\t\t\t\t\t\t\t<\/a>\n\t\t\t\t\t<\/div>\n\t\t\t\t\t<\/div>\n\t\t\t\t\t<\/div>\n\t\t\t\t<\/div>\n\t\t\t\t<\/div>\n\t\t","protected":false},"excerpt":{"rendered":"<p>History First building of the Hospicio del Sagrado Coraz\u00f3n de Jes\u00fas, opened in 1892 We were founded as Hospicio del Coraz\u00f3n de Jes\u00fas on June 25, 1892, thanks to the financial contribution of Don Manuel Galecio and the land donated by Don Francisco Aguirre Jado. Since then, we have been managed by the Guayaquil Charity [&hellip;]<\/p>\n","protected":false},"author":1,"featured_media":0,"parent":0,"menu_order":0,"comment_status":"closed","ping_status":"closed","template":"","meta":{"footnotes":""},"class_list":["post-1966","page","type-page","status-publish","hentry"],"_links":{"self":[{"href":"https:\/\/www.hogarcorazondejesus.org.ec\/en\/wp-json\/wp\/v2\/pages\/1966","targetHints":{"allow":["GET"]}}],"collection":[{"href":"https:\/\/www.hogarcorazondejesus.org.ec\/en\/wp-json\/wp\/v2\/pages"}],"about":[{"href":"https:\/\/www.hogarcorazondejesus.org.ec\/en\/wp-json\/wp\/v2\/types\/page"}],"author":[{"embeddable":true,"href":"https:\/\/www.hogarcorazondejesus.org.ec\/en\/wp-json\/wp\/v2\/users\/1"}],"replies":[{"embeddable":true,"href":"https:\/\/www.hogarcorazondejesus.org.ec\/en\/wp-json\/wp\/v2\/comments?post=1966"}],"version-history":[{"count":9,"href":"https:\/\/www.hogarcorazondejesus.org.ec\/en\/wp-json\/wp\/v2\/pages\/1966\/revisions"}],"predecessor-version":[{"id":2150,"href":"https:\/\/www.hogarcorazondejesus.org.ec\/en\/wp-json\/wp\/v2\/pages\/1966\/revisions\/2150"}],"wp:attachment":[{"href":"https:\/\/www.hogarcorazondejesus.org.ec\/en\/wp-json\/wp\/v2\/media?parent=1966"}],"curies":[{"name":"wp","href":"https:\/\/api.w.org\/{rel}","templated":true}]}}